{"id":357,"date":"2024-10-17T08:33:59","date_gmt":"2024-10-17T07:33:59","guid":{"rendered":"https:\/\/odlicno.mojwww.si\/einkaufswagen\/"},"modified":"2024-11-21T13:44:16","modified_gmt":"2024-11-21T12:44:16","slug":"einkaufswagen","status":"publish","type":"page","link":"https:\/\/odlicno.si\/de\/einkaufswagen\/","title":{"rendered":"Einkaufswagen"},"content":{"rendered":"\n<div data-block-name=\"woocommerce\/cart\" class=\"wp-block-woocommerce-cart alignwide is-loading\">\n<div data-block-name=\"woocommerce\/filled-cart-block\" class=\"wp-block-woocommerce-filled-cart-block\">\n<div data-block-name=\"woocommerce\/cart-items-block\" class=\"wp-block-woocommerce-cart-items-block\">\n<div data-block-name=\"woocommerce\/cart-line-items-block\" class=\"wp-block-woocommerce-cart-line-items-block\"><\/div>\n\n\n\n<div data-block-name=\"woocommerce\/cart-cross-sells-block\" class=\"wp-block-woocommerce-cart-cross-sells-block\">\n<h2 class=\"wp-block-heading has-large-font-size\">Mogo\u010de bi vas zanimalo &#8230;<\/h2>\n\n\n\n<div data-block-name=\"woocommerce\/cart-cross-sells-products-block\" class=\"wp-block-woocommerce-cart-cross-sells-products-block\"><\/div>\n<\/div>\n<\/div>\n\n\n\n<div data-block-name=\"woocommerce\/cart-totals-block\" class=\"wp-block-woocommerce-cart-totals-block\">\n<div data-block-name=\"woocommerce\/cart-order-summary-block\" class=\"wp-block-woocommerce-cart-order-summary-block\">\n<div data-block-name=\"woocommerce\/cart-order-summary-heading-block\" class=\"wp-block-woocommerce-cart-order-summary-heading-block\"><\/div><div data-block-name=\"woocommerce\/cart-order-summary-coupon-form-block\" class=\"wp-block-woocommerce-cart-order-summary-coupon-form-block\"><\/div><div data-block-name=\"woocommerce\/cart-order-summary-totals-block\" class=\"wp-block-woocommerce-cart-order-summary-totals-block\">\n<div data-block-name=\"woocommerce\/cart-order-summary-subtotal-block\" class=\"wp-block-woocommerce-cart-order-summary-subtotal-block\"><\/div>\n<div data-block-name=\"woocommerce\/cart-order-summary-discount-block\" class=\"wp-block-woocommerce-cart-order-summary-discount-block\"><\/div>\n<div data-block-name=\"woocommerce\/cart-order-summary-fee-block\" class=\"wp-block-woocommerce-cart-order-summary-fee-block\"><\/div>\n<div data-block-name=\"woocommerce\/cart-order-summary-shipping-block\" class=\"wp-block-woocommerce-cart-order-summary-shipping-block\"><\/div>\n<div data-block-name=\"woocommerce\/cart-order-summary-taxes-block\" class=\"wp-block-woocommerce-cart-order-summary-taxes-block\"><\/div><\/div>\n<\/div>\n\n\n\n<div data-block-name=\"woocommerce\/cart-express-payment-block\" class=\"wp-block-woocommerce-cart-express-payment-block\"><\/div>\n\n\n\n<div data-block-name=\"woocommerce\/proceed-to-checkout-block\" class=\"wp-block-woocommerce-proceed-to-checkout-block\"><\/div>\n\n\n\n<div data-block-name=\"woocommerce\/cart-accepted-payment-methods-block\" class=\"wp-block-woocommerce-cart-accepted-payment-methods-block\"><\/div>\n<\/div>\n<\/div>\n\n\n\n<div data-block-name=\"woocommerce\/empty-cart-block\" class=\"wp-block-woocommerce-empty-cart-block\">\n<h2 class=\"wp-block-heading has-text-align-center with-empty-cart-icon wc-block-cart__empty-cart__title\">Va\u0161a ko\u0161arica je trenutno prazna!<\/h2>\n\n\n\n<hr class=\"wp-block-separator has-alpha-channel-opacity is-style-dots\"\/>\n\n\n\n<h2 class=\"wp-block-heading has-text-align-center\">Novo v trgovini<\/h2>\n\n\n<div data-block-name=\"woocommerce\/product-new\" data-columns=\"4\" data-rows=\"1\" class=\"wc-block-grid wp-block-product-new wp-block-woocommerce-product-new wc-block-product-new has-4-columns\"><ul class=\"wc-block-grid__products\"><li class=\"wc-block-grid__product\"><span class=\"gtm4wp_productdata\" style=\"display:none; visibility:hidden;\" data-gtm4wp_product_data=\"{&quot;internal_id&quot;:16003,&quot;item_id&quot;:&quot;139080&quot;,&quot;item_name&quot;:&quot;Nat\\u00fcrliche Medjool-Datteln 500 g&quot;,&quot;sku&quot;:&quot;139080&quot;,&quot;price&quot;:8.49,&quot;stocklevel&quot;:null,&quot;stockstatus&quot;:&quot;instock&quot;,&quot;google_business_vertical&quot;:&quot;retail&quot;,&quot;item_category&quot;:&quot;300 g \\u2013 500 g&quot;,&quot;id&quot;:&quot;139080&quot;,&quot;item_brand&quot;:&quot;Trockenfr\\u00fcchte&quot;,&quot;productlink&quot;:&quot;https:\\\/\\\/odlicno.si\\\/de\\\/produkte\\\/300-g-500-g-de\\\/natuerliche-medjool-datteln-500-g\\\/&quot;,&quot;item_list_name&quot;:&quot;General Product List&quot;,&quot;index&quot;:0,&quot;product_type&quot;:&quot;simple&quot;}\"><\/span>\n\t\t\t\t<a href=\"https:\/\/odlicno.si\/de\/produkte\/300-g-500-g-de\/natuerliche-medjool-datteln-500-g\/\" class=\"wc-block-grid__product-link\">\n\t\t\t\t\t\n\t\t\t\t\t<div class=\"wc-block-grid__product-image\"><img loading=\"lazy\" decoding=\"async\" width=\"300\" height=\"300\" src=\"https:\/\/i0.wp.com\/odlicno.si\/wp-content\/uploads\/2026\/01\/2-3.png?resize=300%2C300&amp;ssl=1\" class=\"attachment-woocommerce_thumbnail size-woocommerce_thumbnail\" alt=\"Nat\u00fcrliche Medjool-Datteln 500 g\" srcset=\"https:\/\/i0.wp.com\/odlicno.si\/wp-content\/uploads\/2026\/01\/2-3.png?w=675&amp;ssl=1 675w, https:\/\/i0.wp.com\/odlicno.si\/wp-content\/uploads\/2026\/01\/2-3.png?resize=300%2C300&amp;ssl=1 300w, https:\/\/i0.wp.com\/odlicno.si\/wp-content\/uploads\/2026\/01\/2-3.png?resize=150%2C150&amp;ssl=1 150w, https:\/\/i0.wp.com\/odlicno.si\/wp-content\/uploads\/2026\/01\/2-3.png?resize=600%2C600&amp;ssl=1 600w, https:\/\/i0.wp.com\/odlicno.si\/wp-content\/uploads\/2026\/01\/2-3.png?resize=100%2C100&amp;ssl=1 100w\" sizes=\"auto, (max-width: 300px) 100vw, 300px\" \/><\/div>\n\t\t\t\t\t<div class=\"wc-block-grid__product-title\">Nat\u00fcrliche Medjool-Datteln 500 g<\/div>\n\t\t\t\t<\/a>\n\t\t\t\t<div class=\"wc-block-grid__product-price price\"><span class=\"woocommerce-Price-amount amount\">8,49&nbsp;<span class=\"woocommerce-Price-currencySymbol\">&euro;<\/span><\/span><\/div>\n\t\t\t\t\n\t\t\t\t<div class=\"wp-block-button wc-block-grid__product-add-to-cart\"><a href=\"\/de\/wp-json\/wp\/v2\/pages\/357?add-to-cart=16003\" aria-label=\"In den Warenkorb legen: \u201eNat\u00fcrliche Medjool-Datteln 500 g\u201c\" data-quantity=\"1\" data-product_id=\"16003\" data-product_sku=\"139080\" data-price=\"8.49\" rel=\"nofollow\" class=\"wp-block-button__link wp-element-button add_to_cart_button ajax_add_to_cart\">In den Warenkorb<\/a><\/div>\n\t\t\t<\/li><li class=\"wc-block-grid__product\"><span class=\"gtm4wp_productdata\" style=\"display:none; visibility:hidden;\" data-gtm4wp_product_data=\"{&quot;internal_id&quot;:12066,&quot;item_id&quot;:&quot;139156&quot;,&quot;item_name&quot;:&quot;Erdn\\u00fcsse &amp; Mais, ger\\u00f6stet und gesalzen On the go Odli\\u010dno 45 g&quot;,&quot;sku&quot;:&quot;139156&quot;,&quot;price&quot;:0.99,&quot;stocklevel&quot;:null,&quot;stockstatus&quot;:&quot;instock&quot;,&quot;google_business_vertical&quot;:&quot;retail&quot;,&quot;item_category&quot;:&quot;Mischungen &amp; Snacks&quot;,&quot;item_category2&quot;:&quot;Snacks&quot;,&quot;id&quot;:&quot;139156&quot;,&quot;item_brand&quot;:&quot;Mischungen &amp; Snacks&quot;,&quot;productlink&quot;:&quot;https:\\\/\\\/odlicno.si\\\/de\\\/produkte\\\/mischungen-snacks\\\/snacks\\\/erdnuesse-mais-geroestet-und-gesalzen-on-the-go-odlicno-45-g\\\/&quot;,&quot;item_list_name&quot;:&quot;General Product List&quot;,&quot;index&quot;:0,&quot;product_type&quot;:&quot;simple&quot;}\"><\/span>\n\t\t\t\t<a href=\"https:\/\/odlicno.si\/de\/produkte\/mischungen-snacks\/snacks\/erdnuesse-mais-geroestet-und-gesalzen-on-the-go-odlicno-45-g\/\" class=\"wc-block-grid__product-link\">\n\t\t\t\t\t\n\t\t\t\t\t<div class=\"wc-block-grid__product-image\"><img loading=\"lazy\" decoding=\"async\" width=\"300\" height=\"300\" src=\"https:\/\/i0.wp.com\/odlicno.si\/wp-content\/uploads\/2025\/06\/arasidi_koruza_small.png?resize=300%2C300&amp;ssl=1\" class=\"attachment-woocommerce_thumbnail size-woocommerce_thumbnail\" alt=\"Erdn\u00fcsse &amp; Mais, ger\u00f6stet und gesalzen On the go Odli\u010dno 45 g\" srcset=\"https:\/\/i0.wp.com\/odlicno.si\/wp-content\/uploads\/2025\/06\/arasidi_koruza_small.png?w=600&amp;ssl=1 600w, https:\/\/i0.wp.com\/odlicno.si\/wp-content\/uploads\/2025\/06\/arasidi_koruza_small.png?resize=300%2C300&amp;ssl=1 300w, https:\/\/i0.wp.com\/odlicno.si\/wp-content\/uploads\/2025\/06\/arasidi_koruza_small.png?resize=150%2C150&amp;ssl=1 150w, https:\/\/i0.wp.com\/odlicno.si\/wp-content\/uploads\/2025\/06\/arasidi_koruza_small.png?resize=100%2C100&amp;ssl=1 100w\" sizes=\"auto, (max-width: 300px) 100vw, 300px\" \/><\/div>\n\t\t\t\t\t<div class=\"wc-block-grid__product-title\">Erdn\u00fcsse &amp; Mais, ger\u00f6stet und gesalzen On the go Odli\u010dno 45 g<\/div>\n\t\t\t\t<\/a>\n\t\t\t\t<div class=\"wc-block-grid__product-price price\"><span class=\"woocommerce-Price-amount amount\">0,99&nbsp;<span class=\"woocommerce-Price-currencySymbol\">&euro;<\/span><\/span><\/div>\n\t\t\t\t\n\t\t\t\t<div class=\"wp-block-button wc-block-grid__product-add-to-cart\"><a href=\"\/de\/wp-json\/wp\/v2\/pages\/357?add-to-cart=12066\" aria-label=\"In den Warenkorb legen: \u201eErdn\u00fcsse &amp; Mais, ger\u00f6stet und gesalzen On the go Odli\u010dno 45 g\u201c\" data-quantity=\"1\" data-product_id=\"12066\" data-product_sku=\"139156\" data-price=\"0.99\" rel=\"nofollow\" class=\"wp-block-button__link wp-element-button add_to_cart_button ajax_add_to_cart\">In den Warenkorb<\/a><\/div>\n\t\t\t<\/li><li class=\"wc-block-grid__product\"><span class=\"gtm4wp_productdata\" style=\"display:none; visibility:hidden;\" data-gtm4wp_product_data=\"{&quot;internal_id&quot;:12070,&quot;item_id&quot;:&quot;139148&quot;,&quot;item_name&quot;:&quot;Ger\\u00f6stete und gesalzene Erdn\\u00fcsse On the go Odli\\u010dno 50 g&quot;,&quot;sku&quot;:&quot;139148&quot;,&quot;price&quot;:0.79,&quot;stocklevel&quot;:null,&quot;stockstatus&quot;:&quot;instock&quot;,&quot;google_business_vertical&quot;:&quot;retail&quot;,&quot;item_category&quot;:&quot;Mischungen &amp; Snacks&quot;,&quot;item_category2&quot;:&quot;Snacks&quot;,&quot;id&quot;:&quot;139148&quot;,&quot;item_brand&quot;:&quot;N\\u00fcsse &amp; Samen&quot;,&quot;productlink&quot;:&quot;https:\\\/\\\/odlicno.si\\\/de\\\/produkte\\\/nusse-samen\\\/erdnusse\\\/geroestete-und-gesalzene-erdnuesse-on-the-go-odlicno-50-g\\\/&quot;,&quot;item_list_name&quot;:&quot;General Product List&quot;,&quot;index&quot;:0,&quot;product_type&quot;:&quot;simple&quot;}\"><\/span>\n\t\t\t\t<a href=\"https:\/\/odlicno.si\/de\/produkte\/nusse-samen\/erdnusse\/geroestete-und-gesalzene-erdnuesse-on-the-go-odlicno-50-g\/\" class=\"wc-block-grid__product-link\">\n\t\t\t\t\t\n\t\t\t\t\t<div class=\"wc-block-grid__product-image\"><img loading=\"lazy\" decoding=\"async\" width=\"300\" height=\"300\" src=\"https:\/\/i0.wp.com\/odlicno.si\/wp-content\/uploads\/2025\/06\/arasidi_small.png?resize=300%2C300&amp;ssl=1\" class=\"attachment-woocommerce_thumbnail size-woocommerce_thumbnail\" alt=\"Ger\u00f6stete und gesalzene Erdn\u00fcsse On the go Odli\u010dno 50 g\" srcset=\"https:\/\/i0.wp.com\/odlicno.si\/wp-content\/uploads\/2025\/06\/arasidi_small.png?w=600&amp;ssl=1 600w, https:\/\/i0.wp.com\/odlicno.si\/wp-content\/uploads\/2025\/06\/arasidi_small.png?resize=300%2C300&amp;ssl=1 300w, https:\/\/i0.wp.com\/odlicno.si\/wp-content\/uploads\/2025\/06\/arasidi_small.png?resize=150%2C150&amp;ssl=1 150w, https:\/\/i0.wp.com\/odlicno.si\/wp-content\/uploads\/2025\/06\/arasidi_small.png?resize=100%2C100&amp;ssl=1 100w\" sizes=\"auto, (max-width: 300px) 100vw, 300px\" \/><\/div>\n\t\t\t\t\t<div class=\"wc-block-grid__product-title\">Ger\u00f6stete und gesalzene Erdn\u00fcsse On the go Odli\u010dno 50 g<\/div>\n\t\t\t\t<\/a>\n\t\t\t\t<div class=\"wc-block-grid__product-price price\"><span class=\"woocommerce-Price-amount amount\">0,79&nbsp;<span class=\"woocommerce-Price-currencySymbol\">&euro;<\/span><\/span><\/div>\n\t\t\t\t\n\t\t\t\t<div class=\"wp-block-button wc-block-grid__product-add-to-cart\"><a href=\"\/de\/wp-json\/wp\/v2\/pages\/357?add-to-cart=12070\" aria-label=\"In den Warenkorb legen: \u201eGer\u00f6stete und gesalzene Erdn\u00fcsse On the go Odli\u010dno 50 g\u201c\" data-quantity=\"1\" data-product_id=\"12070\" data-product_sku=\"139148\" data-price=\"0.79\" rel=\"nofollow\" class=\"wp-block-button__link wp-element-button add_to_cart_button ajax_add_to_cart\">In den Warenkorb<\/a><\/div>\n\t\t\t<\/li><li class=\"wc-block-grid__product\"><span class=\"gtm4wp_productdata\" style=\"display:none; visibility:hidden;\" data-gtm4wp_product_data=\"{&quot;internal_id&quot;:12074,&quot;item_id&quot;:&quot;139157&quot;,&quot;item_name&quot;:&quot;Cranberries in Milchschokolade On the go Odli\\u010dno 40 g&quot;,&quot;sku&quot;:&quot;139157&quot;,&quot;price&quot;:0.99,&quot;stocklevel&quot;:null,&quot;stockstatus&quot;:&quot;instock&quot;,&quot;google_business_vertical&quot;:&quot;retail&quot;,&quot;item_category&quot;:&quot;35 g \\u2013 60 g&quot;,&quot;id&quot;:&quot;139157&quot;,&quot;item_brand&quot;:&quot;Schoko&quot;,&quot;productlink&quot;:&quot;https:\\\/\\\/odlicno.si\\\/de\\\/produkte\\\/35-g-60-g-de\\\/cranberries-in-milchschokolade-on-the-go-odlicno-40-g\\\/&quot;,&quot;item_list_name&quot;:&quot;General Product List&quot;,&quot;index&quot;:0,&quot;product_type&quot;:&quot;simple&quot;}\"><\/span>\n\t\t\t\t<a href=\"https:\/\/odlicno.si\/de\/produkte\/35-g-60-g-de\/cranberries-in-milchschokolade-on-the-go-odlicno-40-g\/\" class=\"wc-block-grid__product-link\">\n\t\t\t\t\t\n\t\t\t\t\t<div class=\"wc-block-grid__product-image\"><img loading=\"lazy\" decoding=\"async\" width=\"300\" height=\"300\" src=\"https:\/\/i0.wp.com\/odlicno.si\/wp-content\/uploads\/2025\/06\/brusnice_small.png?resize=300%2C300&amp;ssl=1\" class=\"attachment-woocommerce_thumbnail size-woocommerce_thumbnail\" alt=\"Cranberries in Milchschokolade On the go Odli\u010dno 40 g\" srcset=\"https:\/\/i0.wp.com\/odlicno.si\/wp-content\/uploads\/2025\/06\/brusnice_small.png?w=600&amp;ssl=1 600w, https:\/\/i0.wp.com\/odlicno.si\/wp-content\/uploads\/2025\/06\/brusnice_small.png?resize=300%2C300&amp;ssl=1 300w, https:\/\/i0.wp.com\/odlicno.si\/wp-content\/uploads\/2025\/06\/brusnice_small.png?resize=150%2C150&amp;ssl=1 150w, https:\/\/i0.wp.com\/odlicno.si\/wp-content\/uploads\/2025\/06\/brusnice_small.png?resize=100%2C100&amp;ssl=1 100w\" sizes=\"auto, (max-width: 300px) 100vw, 300px\" \/><\/div>\n\t\t\t\t\t<div class=\"wc-block-grid__product-title\">Cranberries in Milchschokolade On the go Odli\u010dno 40 g<\/div>\n\t\t\t\t<\/a>\n\t\t\t\t<div class=\"wc-block-grid__product-price price\"><span class=\"woocommerce-Price-amount amount\">0,99&nbsp;<span class=\"woocommerce-Price-currencySymbol\">&euro;<\/span><\/span><\/div>\n\t\t\t\t\n\t\t\t\t<div class=\"wp-block-button wc-block-grid__product-add-to-cart\"><a href=\"\/de\/wp-json\/wp\/v2\/pages\/357?add-to-cart=12074\" aria-label=\"In den Warenkorb legen: \u201eCranberries in Milchschokolade On the go Odli\u010dno 40 g\u201c\" data-quantity=\"1\" data-product_id=\"12074\" data-product_sku=\"139157\" data-price=\"0.99\" rel=\"nofollow\" class=\"wp-block-button__link wp-element-button add_to_cart_button ajax_add_to_cart\">In den Warenkorb<\/a><\/div>\n\t\t\t<\/li><\/ul><\/div><\/div>\n<\/div>\n","protected":false},"excerpt":{"rendered":"","protected":false},"author":1,"featured_media":0,"parent":0,"menu_order":0,"comment_status":"closed","ping_status":"closed","template":"","meta":{"_acf_changed":false,"footnotes":""},"class_list":["post-357","page","type-page","status-publish","hentry"],"acf":[],"mb":[],"jetpack_sharing_enabled":true,"mfb_rest_fields":["title","jetpack_sharing_enabled"],"_links":{"self":[{"href":"https:\/\/odlicno.si\/de\/wp-json\/wp\/v2\/pages\/357","targetHints":{"allow":["GET"]}}],"collection":[{"href":"https:\/\/odlicno.si\/de\/wp-json\/wp\/v2\/pages"}],"about":[{"href":"https:\/\/odlicno.si\/de\/wp-json\/wp\/v2\/types\/page"}],"author":[{"embeddable":true,"href":"https:\/\/odlicno.si\/de\/wp-json\/wp\/v2\/users\/1"}],"replies":[{"embeddable":true,"href":"https:\/\/odlicno.si\/de\/wp-json\/wp\/v2\/comments?post=357"}],"version-history":[{"count":0,"href":"https:\/\/odlicno.si\/de\/wp-json\/wp\/v2\/pages\/357\/revisions"}],"wp:attachment":[{"href":"https:\/\/odlicno.si\/de\/wp-json\/wp\/v2\/media?parent=357"}],"curies":[{"name":"wp","href":"https:\/\/api.w.org\/{rel}","templated":true}]}}