{"id":1411,"date":"2024-11-27T12:34:07","date_gmt":"2024-11-27T11:34:07","guid":{"rendered":"https:\/\/odlicno.mojwww.si\/?page_id=1411"},"modified":"2024-11-27T14:47:38","modified_gmt":"2024-11-27T13:47:38","slug":"blog","status":"publish","type":"page","link":"https:\/\/odlicno.si\/de\/blog\/","title":{"rendered":"Blog"},"content":{"rendered":"\n<div class=\"pt-cv-wrapper\"><div class=\"cvp-live-filter  cvp-customized cvp-button \" id=\"\" data-name=\"tx_category\" data-sid=\"2e90f44pd0\" data-isblock=\"\" data-postid=\"\"><label class=\"cvp-label\"><\/label><div class=\"btn\"><label><input type=\"radio\" name=\"tx_category\" value=\"\" checked\/><div>Alle<\/div><\/label><\/div><div class=\"btn\"><label><input type=\"radio\" name=\"tx_category\" value=\"aussagen\" \/><div>Aussagen<\/div><\/label><\/div><div class=\"btn\"><label><input type=\"radio\" name=\"tx_category\" value=\"lehrreich\" \/><div>Lehrreich<\/div><\/label><\/div><div class=\"btn\"><label><input type=\"radio\" name=\"tx_category\" value=\"rezepturen\" \/><div>Rezepturen<\/div><\/label><\/div><\/div><div class=\"pt-cv-view pt-cv-grid pt-cv-colsys pt-cv-pgloadmore cvp-lfres\" id=\"pt-cv-view-2e90f44pd0\"><div data-id=\"pt-cv-page-1\" class=\"pt-cv-page\" data-cvc=\"4\"><div class=\"col-md-3 col-sm-6 col-xs-12 pt-cv-content-item pt-cv-1-col\"  data-pid=\"1313\"><div class='pt-cv-ifield'><a href=\"https:\/\/odlicno.si\/de\/blog\/odlicno-energiebomben\/\" class=\"_self pt-cv-href-thumbnail pt-cv-thumb-default cvplbd\" target=\"_self\" ><img loading=\"lazy\" decoding=\"async\" width=\"300\" height=\"167\" src=\"https:\/\/i0.wp.com\/odlicno.si\/wp-content\/uploads\/2024\/11\/4-2.png?fit=300%2C167&amp;ssl=1\" class=\"pt-cv-thumbnail img-none\" alt=\"Odli\u010dno Energiebomben\" srcset=\"https:\/\/i0.wp.com\/odlicno.si\/wp-content\/uploads\/2024\/11\/4-2.png?w=900&amp;ssl=1 900w, https:\/\/i0.wp.com\/odlicno.si\/wp-content\/uploads\/2024\/11\/4-2.png?resize=300%2C167&amp;ssl=1 300w, https:\/\/i0.wp.com\/odlicno.si\/wp-content\/uploads\/2024\/11\/4-2.png?resize=768%2C427&amp;ssl=1 768w, https:\/\/i0.wp.com\/odlicno.si\/wp-content\/uploads\/2024\/11\/4-2.png?resize=600%2C333&amp;ssl=1 600w\" sizes=\"auto, (max-width: 300px) 100vw, 300px\" \/><\/a>\n<div class=\"pt-cv-taxoterm above_title\"><a href='https:\/\/odlicno.si\/de\/category\/rezepturen\/' title='Rezepturen' class='pt-cv-tax-rezepturen'>Rezepturen<\/a><\/div>\n<h4 class=\"pt-cv-title\"><a href=\"https:\/\/odlicno.si\/de\/blog\/odlicno-energiebomben\/\" class=\"_self cvplbd\" target=\"_self\" >Odli\u010dno Energiebomben<\/a><\/h4>\n<div class=\"pt-cv-content\">F\u00fcr einen guten Start in den Tag oder eine Extraportion Energie vor dem Training sind Odli\u010dno Energy Balls, zubereitet aus ...<\/div><\/div><\/div>\n<div class=\"col-md-3 col-sm-6 col-xs-12 pt-cv-content-item pt-cv-1-col\"  data-pid=\"1392\"><div class='pt-cv-ifield'><a href=\"https:\/\/odlicno.si\/de\/blog\/haferflockenpfannkuchen-mit-pfirsichen\/\" class=\"_self pt-cv-href-thumbnail pt-cv-thumb-default cvplbd\" target=\"_self\" ><img loading=\"lazy\" decoding=\"async\" width=\"300\" height=\"169\" src=\"https:\/\/i0.wp.com\/odlicno.si\/wp-content\/uploads\/2024\/11\/Cover-photo-blog-11_0.png?fit=300%2C169&amp;ssl=1\" class=\"pt-cv-thumbnail img-none\" alt=\"Haferflockenpfannkuchen mit Pfirsichen\" srcset=\"https:\/\/i0.wp.com\/odlicno.si\/wp-content\/uploads\/2024\/11\/Cover-photo-blog-11_0.png?w=820&amp;ssl=1 820w, https:\/\/i0.wp.com\/odlicno.si\/wp-content\/uploads\/2024\/11\/Cover-photo-blog-11_0.png?resize=300%2C169&amp;ssl=1 300w, https:\/\/i0.wp.com\/odlicno.si\/wp-content\/uploads\/2024\/11\/Cover-photo-blog-11_0.png?resize=768%2C433&amp;ssl=1 768w, https:\/\/i0.wp.com\/odlicno.si\/wp-content\/uploads\/2024\/11\/Cover-photo-blog-11_0.png?resize=600%2C338&amp;ssl=1 600w\" sizes=\"auto, (max-width: 300px) 100vw, 300px\" \/><\/a>\n<div class=\"pt-cv-taxoterm above_title\"><a href='https:\/\/odlicno.si\/de\/category\/rezepturen\/' title='Rezepturen' class='pt-cv-tax-rezepturen'>Rezepturen<\/a><\/div>\n<h4 class=\"pt-cv-title\"><a href=\"https:\/\/odlicno.si\/de\/blog\/haferflockenpfannkuchen-mit-pfirsichen\/\" class=\"_self cvplbd\" target=\"_self\" >Haferflockenpfannkuchen mit Pfirsichen<\/a><\/h4>\n<div class=\"pt-cv-content\">Haferflocken sind aufgrund ihrer N\u00e4hrwerte ein toller Bestandteil jeder Mahlzeit. Sie schmecken auch k\u00f6stlich in Pfannkuchen, die zweifellos zu den ...<\/div><\/div><\/div>\n<div class=\"col-md-3 col-sm-6 col-xs-12 pt-cv-content-item pt-cv-1-col\"  data-pid=\"1383\"><div class='pt-cv-ifield'><a href=\"https:\/\/odlicno.si\/de\/blog\/mandelgebaeck\/\" class=\"_self pt-cv-href-thumbnail pt-cv-thumb-default cvplbd\" target=\"_self\" ><img loading=\"lazy\" decoding=\"async\" width=\"300\" height=\"169\" src=\"https:\/\/i0.wp.com\/odlicno.si\/wp-content\/uploads\/2024\/11\/mandljevi-piskoti-mleti-mandlji-Odlicno.png?fit=300%2C169&amp;ssl=1\" class=\"pt-cv-thumbnail img-none\" alt=\"Mandelgeb\u00e4ck\" srcset=\"https:\/\/i0.wp.com\/odlicno.si\/wp-content\/uploads\/2024\/11\/mandljevi-piskoti-mleti-mandlji-Odlicno.png?w=820&amp;ssl=1 820w, https:\/\/i0.wp.com\/odlicno.si\/wp-content\/uploads\/2024\/11\/mandljevi-piskoti-mleti-mandlji-Odlicno.png?resize=300%2C169&amp;ssl=1 300w, https:\/\/i0.wp.com\/odlicno.si\/wp-content\/uploads\/2024\/11\/mandljevi-piskoti-mleti-mandlji-Odlicno.png?resize=768%2C433&amp;ssl=1 768w, https:\/\/i0.wp.com\/odlicno.si\/wp-content\/uploads\/2024\/11\/mandljevi-piskoti-mleti-mandlji-Odlicno.png?resize=600%2C338&amp;ssl=1 600w\" sizes=\"auto, (max-width: 300px) 100vw, 300px\" \/><\/a>\n<div class=\"pt-cv-taxoterm above_title\"><a href='https:\/\/odlicno.si\/de\/category\/rezepturen\/' title='Rezepturen' class='pt-cv-tax-rezepturen'>Rezepturen<\/a><\/div>\n<h4 class=\"pt-cv-title\"><a href=\"https:\/\/odlicno.si\/de\/blog\/mandelgebaeck\/\" class=\"_self cvplbd\" target=\"_self\" >Mandelgeb\u00e4ck<\/a><\/h4>\n<div class=\"pt-cv-content\">Zutaten: 110 g Bio-Kokoszucker Odli\u010dno 2 EL gemahlene Chiasamen 1 Teel\u00f6ffel Zimt 2x 30 ml Orangensaft 200 g gemahlene Mandeln ...<\/div><\/div><\/div>\n<div class=\"col-md-3 col-sm-6 col-xs-12 pt-cv-content-item pt-cv-1-col\"  data-pid=\"1377\"><div class='pt-cv-ifield'><a href=\"https:\/\/odlicno.si\/de\/blog\/hirsepudding-mit-proteinjoghurt\/\" class=\"_self pt-cv-href-thumbnail pt-cv-thumb-default cvplbd\" target=\"_self\" ><img loading=\"lazy\" decoding=\"async\" width=\"300\" height=\"169\" src=\"https:\/\/i0.wp.com\/odlicno.si\/wp-content\/uploads\/2024\/11\/3-1.png?fit=300%2C169&amp;ssl=1\" class=\"pt-cv-thumbnail img-none\" alt=\"Hirsepudding mit Proteinjoghurt\" srcset=\"https:\/\/i0.wp.com\/odlicno.si\/wp-content\/uploads\/2024\/11\/3-1.png?w=1640&amp;ssl=1 1640w, https:\/\/i0.wp.com\/odlicno.si\/wp-content\/uploads\/2024\/11\/3-1.png?resize=300%2C169&amp;ssl=1 300w, https:\/\/i0.wp.com\/odlicno.si\/wp-content\/uploads\/2024\/11\/3-1.png?resize=1024%2C577&amp;ssl=1 1024w, https:\/\/i0.wp.com\/odlicno.si\/wp-content\/uploads\/2024\/11\/3-1.png?resize=768%2C433&amp;ssl=1 768w, https:\/\/i0.wp.com\/odlicno.si\/wp-content\/uploads\/2024\/11\/3-1.png?resize=1536%2C865&amp;ssl=1 1536w, https:\/\/i0.wp.com\/odlicno.si\/wp-content\/uploads\/2024\/11\/3-1.png?resize=600%2C338&amp;ssl=1 600w\" sizes=\"auto, (max-width: 300px) 100vw, 300px\" \/><\/a>\n<div class=\"pt-cv-taxoterm above_title\"><a href='https:\/\/odlicno.si\/de\/category\/rezepturen\/' title='Rezepturen' class='pt-cv-tax-rezepturen'>Rezepturen<\/a><\/div>\n<h4 class=\"pt-cv-title\"><a href=\"https:\/\/odlicno.si\/de\/blog\/hirsepudding-mit-proteinjoghurt\/\" class=\"_self cvplbd\" target=\"_self\" >Hirsepudding mit Proteinjoghurt<\/a><\/h4>\n<div class=\"pt-cv-content\">Hirsepudding mit Proteinjoghurt ist eine gesunde Mahlzeit, die nicht viel Zeit in der Zubereitung ben\u00f6tigt. Das Rezept ist in Zusammenarbeit ...<\/div><\/div><\/div>\n<div class=\"col-md-3 col-sm-6 col-xs-12 pt-cv-content-item pt-cv-1-col\"  data-pid=\"1365\"><div class='pt-cv-ifield'><a href=\"https:\/\/odlicno.si\/de\/blog\/himbeer-muffins\/\" class=\"_self pt-cv-href-thumbnail pt-cv-thumb-default cvplbd\" target=\"_self\" ><img loading=\"lazy\" decoding=\"async\" width=\"300\" height=\"169\" src=\"https:\/\/i0.wp.com\/odlicno.si\/wp-content\/uploads\/2024\/11\/Untitled-design-33-1.png?fit=300%2C169&amp;ssl=1\" class=\"pt-cv-thumbnail img-none\" alt=\"Himbeer-Muffins\" srcset=\"https:\/\/i0.wp.com\/odlicno.si\/wp-content\/uploads\/2024\/11\/Untitled-design-33-1.png?w=820&amp;ssl=1 820w, https:\/\/i0.wp.com\/odlicno.si\/wp-content\/uploads\/2024\/11\/Untitled-design-33-1.png?resize=300%2C169&amp;ssl=1 300w, https:\/\/i0.wp.com\/odlicno.si\/wp-content\/uploads\/2024\/11\/Untitled-design-33-1.png?resize=768%2C433&amp;ssl=1 768w, https:\/\/i0.wp.com\/odlicno.si\/wp-content\/uploads\/2024\/11\/Untitled-design-33-1.png?resize=600%2C338&amp;ssl=1 600w\" sizes=\"auto, (max-width: 300px) 100vw, 300px\" \/><\/a>\n<div class=\"pt-cv-taxoterm above_title\"><a href='https:\/\/odlicno.si\/de\/category\/rezepturen\/' title='Rezepturen' class='pt-cv-tax-rezepturen'>Rezepturen<\/a><\/div>\n<h4 class=\"pt-cv-title\"><a href=\"https:\/\/odlicno.si\/de\/blog\/himbeer-muffins\/\" class=\"_self cvplbd\" target=\"_self\" >Himbeer-Muffins<\/a><\/h4>\n<div class=\"pt-cv-content\">Himbeermuffins sind eines der am einfachsten zuzubereitenden Desserts und dieses Rezept ist perfekt, wenn Sie in einem Zuckerrausch sind. Anstelle ...<\/div><\/div><\/div>\n<div class=\"col-md-3 col-sm-6 col-xs-12 pt-cv-content-item pt-cv-1-col\"  data-pid=\"1371\"><div class='pt-cv-ifield'><a href=\"https:\/\/odlicno.si\/de\/blog\/gebackene-hokkaido-suppe\/\" class=\"_self pt-cv-href-thumbnail pt-cv-thumb-default cvplbd\" target=\"_self\" ><img loading=\"lazy\" decoding=\"async\" width=\"300\" height=\"198\" src=\"https:\/\/i0.wp.com\/odlicno.si\/wp-content\/uploads\/2024\/11\/Untitled-1640-%C3%97-1080px_0.png?fit=300%2C198&amp;ssl=1\" class=\"pt-cv-thumbnail img-none\" alt=\"Gebackene Hokkaido-Suppe\" \/><\/a>\n<div class=\"pt-cv-taxoterm above_title\"><a href='https:\/\/odlicno.si\/de\/category\/rezepturen\/' title='Rezepturen' class='pt-cv-tax-rezepturen'>Rezepturen<\/a><\/div>\n<h4 class=\"pt-cv-title\"><a href=\"https:\/\/odlicno.si\/de\/blog\/gebackene-hokkaido-suppe\/\" class=\"_self cvplbd\" target=\"_self\" >Gebackene Hokkaido-Suppe<\/a><\/h4>\n<div class=\"pt-cv-content\">Luka und Leon (@lukainleonkuhata) haben ein Rezept f\u00fcr gebackene Hokkaido-Suppe f\u00fcr uns vorbereitet und Worte k\u00f6nnen nicht beschreiben, wie gut ...<\/div><\/div><\/div>\n<div class=\"col-md-3 col-sm-6 col-xs-12 pt-cv-content-item pt-cv-1-col\"  data-pid=\"1359\"><div class='pt-cv-ifield'><a href=\"https:\/\/odlicno.si\/de\/blog\/bunte-cupcakes\/\" class=\"_self pt-cv-href-thumbnail pt-cv-thumb-default cvplbd\" target=\"_self\" ><img loading=\"lazy\" decoding=\"async\" width=\"300\" height=\"198\" src=\"https:\/\/i0.wp.com\/odlicno.si\/wp-content\/uploads\/2024\/11\/Untitled-1640-%C3%97-1080px.png?fit=300%2C198&amp;ssl=1\" class=\"pt-cv-thumbnail img-none\" alt=\"Bunte Cupcakes\" \/><\/a>\n<div class=\"pt-cv-taxoterm above_title\"><a href='https:\/\/odlicno.si\/de\/category\/rezepturen\/' title='Rezepturen' class='pt-cv-tax-rezepturen'>Rezepturen<\/a><\/div>\n<h4 class=\"pt-cv-title\"><a href=\"https:\/\/odlicno.si\/de\/blog\/bunte-cupcakes\/\" class=\"_self cvplbd\" target=\"_self\" >Bunte Cupcakes<\/a><\/h4>\n<div class=\"pt-cv-content\">Dieses Mal teilen wir ein besonderes Rezept mit Ihnen, wir haben die Cupcakes in Farben gekleidet. Um Cupcakes zuzubereiten, ben\u00f6tigen ...<\/div><\/div><\/div>\n<div class=\"col-md-3 col-sm-6 col-xs-12 pt-cv-content-item pt-cv-1-col\"  data-pid=\"1353\"><div class='pt-cv-ifield'><a href=\"https:\/\/odlicno.si\/de\/blog\/biryani-mit-cashewnuessen-und-rosinen\/\" class=\"_self pt-cv-href-thumbnail pt-cv-thumb-default cvplbd\" target=\"_self\" ><img loading=\"lazy\" decoding=\"async\" width=\"300\" height=\"225\" src=\"https:\/\/i0.wp.com\/odlicno.si\/wp-content\/uploads\/2024\/11\/Photo-25-11-2017-11-46-39-scaled.jpg?fit=300%2C225&amp;ssl=1\" class=\"pt-cv-thumbnail img-none\" alt=\"Biryani mit Cashewn\u00fcssen und Rosinen\" srcset=\"https:\/\/i0.wp.com\/odlicno.si\/wp-content\/uploads\/2024\/11\/Photo-25-11-2017-11-46-39-scaled.jpg?w=2560&amp;ssl=1 2560w, https:\/\/i0.wp.com\/odlicno.si\/wp-content\/uploads\/2024\/11\/Photo-25-11-2017-11-46-39-scaled.jpg?resize=300%2C225&amp;ssl=1 300w, https:\/\/i0.wp.com\/odlicno.si\/wp-content\/uploads\/2024\/11\/Photo-25-11-2017-11-46-39-scaled.jpg?resize=1024%2C768&amp;ssl=1 1024w, https:\/\/i0.wp.com\/odlicno.si\/wp-content\/uploads\/2024\/11\/Photo-25-11-2017-11-46-39-scaled.jpg?resize=768%2C576&amp;ssl=1 768w, https:\/\/i0.wp.com\/odlicno.si\/wp-content\/uploads\/2024\/11\/Photo-25-11-2017-11-46-39-scaled.jpg?resize=1536%2C1152&amp;ssl=1 1536w, https:\/\/i0.wp.com\/odlicno.si\/wp-content\/uploads\/2024\/11\/Photo-25-11-2017-11-46-39-scaled.jpg?resize=2048%2C1536&amp;ssl=1 2048w, https:\/\/i0.wp.com\/odlicno.si\/wp-content\/uploads\/2024\/11\/Photo-25-11-2017-11-46-39-scaled.jpg?resize=600%2C450&amp;ssl=1 600w\" sizes=\"auto, (max-width: 300px) 100vw, 300px\" \/><\/a>\n<div class=\"pt-cv-taxoterm above_title\"><a href='https:\/\/odlicno.si\/de\/category\/rezepturen\/' title='Rezepturen' class='pt-cv-tax-rezepturen'>Rezepturen<\/a><\/div>\n<h4 class=\"pt-cv-title\"><a href=\"https:\/\/odlicno.si\/de\/blog\/biryani-mit-cashewnuessen-und-rosinen\/\" class=\"_self cvplbd\" target=\"_self\" >Biryani mit Cashewn\u00fcssen und Rosinen<\/a><\/h4>\n<div class=\"pt-cv-content\">ZUTATEN: - eine Tasse Basmatireis - fein gehackte Zwiebel - ein L\u00f6ffel gelbe Currypaste - Blumenkohl, Brokkoli und Erbsen (nach ...<\/div><\/div><\/div>\n<div class=\"col-md-3 col-sm-6 col-xs-12 pt-cv-content-item pt-cv-1-col\"  data-pid=\"1322\"><div class='pt-cv-ifield'><a href=\"https:\/\/odlicno.si\/de\/blog\/goji-brownies\/\" class=\"_self pt-cv-href-thumbnail pt-cv-thumb-default cvplbd\" target=\"_self\" ><img loading=\"lazy\" decoding=\"async\" width=\"300\" height=\"300\" src=\"https:\/\/i0.wp.com\/odlicno.si\/wp-content\/uploads\/2024\/11\/rec3.jpg?fit=300%2C300&amp;ssl=1\" class=\"pt-cv-thumbnail img-none\" alt=\"Goji brownies\" srcset=\"https:\/\/i0.wp.com\/odlicno.si\/wp-content\/uploads\/2024\/11\/rec3.jpg?w=1000&amp;ssl=1 1000w, https:\/\/i0.wp.com\/odlicno.si\/wp-content\/uploads\/2024\/11\/rec3.jpg?resize=300%2C300&amp;ssl=1 300w, https:\/\/i0.wp.com\/odlicno.si\/wp-content\/uploads\/2024\/11\/rec3.jpg?resize=150%2C150&amp;ssl=1 150w, https:\/\/i0.wp.com\/odlicno.si\/wp-content\/uploads\/2024\/11\/rec3.jpg?resize=768%2C768&amp;ssl=1 768w, https:\/\/i0.wp.com\/odlicno.si\/wp-content\/uploads\/2024\/11\/rec3.jpg?resize=600%2C600&amp;ssl=1 600w, https:\/\/i0.wp.com\/odlicno.si\/wp-content\/uploads\/2024\/11\/rec3.jpg?resize=100%2C100&amp;ssl=1 100w\" sizes=\"auto, (max-width: 300px) 100vw, 300px\" \/><\/a>\n<div class=\"pt-cv-taxoterm above_title\"><a href='https:\/\/odlicno.si\/de\/category\/rezepturen\/' title='Rezepturen' class='pt-cv-tax-rezepturen'>Rezepturen<\/a><\/div>\n<h4 class=\"pt-cv-title\"><a href=\"https:\/\/odlicno.si\/de\/blog\/goji-brownies\/\" class=\"_self cvplbd\" target=\"_self\" >Goji brownies<\/a><\/h4>\n<div class=\"pt-cv-content\">Auch die ber\u00fchmten Brownies, die wir vor allem aus der amerikanischen Kultur kennen, werden hier immer beliebter. Wir haben eine ...<\/div><\/div><\/div>\n<div class=\"col-md-3 col-sm-6 col-xs-12 pt-cv-content-item pt-cv-1-col\"  data-pid=\"1339\"><div class='pt-cv-ifield'><a href=\"https:\/\/odlicno.si\/de\/blog\/kekse-mit-pistazien-und-cranberrys\/\" class=\"_self pt-cv-href-thumbnail pt-cv-thumb-default cvplbd\" target=\"_self\" ><img loading=\"lazy\" decoding=\"async\" width=\"300\" height=\"300\" src=\"https:\/\/i0.wp.com\/odlicno.si\/wp-content\/uploads\/2024\/11\/piskotipistacija1-scaled.jpg?fit=300%2C300&amp;ssl=1\" class=\"pt-cv-thumbnail img-none\" alt=\"Kekse mit Pistazien und Cranberrys\" srcset=\"https:\/\/i0.wp.com\/odlicno.si\/wp-content\/uploads\/2024\/11\/piskotipistacija1-scaled.jpg?w=2560&amp;ssl=1 2560w, https:\/\/i0.wp.com\/odlicno.si\/wp-content\/uploads\/2024\/11\/piskotipistacija1-scaled.jpg?resize=300%2C300&amp;ssl=1 300w, https:\/\/i0.wp.com\/odlicno.si\/wp-content\/uploads\/2024\/11\/piskotipistacija1-scaled.jpg?resize=1024%2C1024&amp;ssl=1 1024w, https:\/\/i0.wp.com\/odlicno.si\/wp-content\/uploads\/2024\/11\/piskotipistacija1-scaled.jpg?resize=150%2C150&amp;ssl=1 150w, https:\/\/i0.wp.com\/odlicno.si\/wp-content\/uploads\/2024\/11\/piskotipistacija1-scaled.jpg?resize=768%2C768&amp;ssl=1 768w, https:\/\/i0.wp.com\/odlicno.si\/wp-content\/uploads\/2024\/11\/piskotipistacija1-scaled.jpg?resize=1536%2C1536&amp;ssl=1 1536w, https:\/\/i0.wp.com\/odlicno.si\/wp-content\/uploads\/2024\/11\/piskotipistacija1-scaled.jpg?resize=2048%2C2048&amp;ssl=1 2048w, https:\/\/i0.wp.com\/odlicno.si\/wp-content\/uploads\/2024\/11\/piskotipistacija1-scaled.jpg?resize=600%2C600&amp;ssl=1 600w, https:\/\/i0.wp.com\/odlicno.si\/wp-content\/uploads\/2024\/11\/piskotipistacija1-scaled.jpg?resize=100%2C100&amp;ssl=1 100w\" sizes=\"auto, (max-width: 300px) 100vw, 300px\" \/><\/a>\n<div class=\"pt-cv-taxoterm above_title\"><a href='https:\/\/odlicno.si\/de\/category\/rezepturen\/' title='Rezepturen' class='pt-cv-tax-rezepturen'>Rezepturen<\/a><\/div>\n<h4 class=\"pt-cv-title\"><a href=\"https:\/\/odlicno.si\/de\/blog\/kekse-mit-pistazien-und-cranberrys\/\" class=\"_self cvplbd\" target=\"_self\" >Kekse mit Pistazien und Cranberrys<\/a><\/h4>\n<div class=\"pt-cv-content\">Im Rezept haben wir Preiselbeeren aus Odli\u010dno verwendet, die den Geschmack von Pistazien gut erg\u00e4nzen und auch saftiger und weicher ...<\/div><\/div><\/div>\n<div class=\"col-md-3 col-sm-6 col-xs-12 pt-cv-content-item pt-cv-1-col\"  data-pid=\"1336\"><div class='pt-cv-ifield'><a href=\"https:\/\/odlicno.si\/de\/blog\/tofu-mit-sesam-und-honig\/\" class=\"_self pt-cv-href-thumbnail pt-cv-thumb-default cvplbd\" target=\"_self\" ><img loading=\"lazy\" decoding=\"async\" width=\"300\" height=\"300\" src=\"https:\/\/i0.wp.com\/odlicno.si\/wp-content\/uploads\/2024\/11\/tofu-scaled.jpg?fit=300%2C300&amp;ssl=1\" class=\"pt-cv-thumbnail img-none\" alt=\"Tofu mit Sesam und Honig\" srcset=\"https:\/\/i0.wp.com\/odlicno.si\/wp-content\/uploads\/2024\/11\/tofu-scaled.jpg?w=2560&amp;ssl=1 2560w, https:\/\/i0.wp.com\/odlicno.si\/wp-content\/uploads\/2024\/11\/tofu-scaled.jpg?resize=300%2C300&amp;ssl=1 300w, https:\/\/i0.wp.com\/odlicno.si\/wp-content\/uploads\/2024\/11\/tofu-scaled.jpg?resize=1024%2C1024&amp;ssl=1 1024w, https:\/\/i0.wp.com\/odlicno.si\/wp-content\/uploads\/2024\/11\/tofu-scaled.jpg?resize=150%2C150&amp;ssl=1 150w, https:\/\/i0.wp.com\/odlicno.si\/wp-content\/uploads\/2024\/11\/tofu-scaled.jpg?resize=768%2C768&amp;ssl=1 768w, https:\/\/i0.wp.com\/odlicno.si\/wp-content\/uploads\/2024\/11\/tofu-scaled.jpg?resize=1536%2C1536&amp;ssl=1 1536w, https:\/\/i0.wp.com\/odlicno.si\/wp-content\/uploads\/2024\/11\/tofu-scaled.jpg?resize=2048%2C2048&amp;ssl=1 2048w, https:\/\/i0.wp.com\/odlicno.si\/wp-content\/uploads\/2024\/11\/tofu-scaled.jpg?resize=600%2C600&amp;ssl=1 600w, https:\/\/i0.wp.com\/odlicno.si\/wp-content\/uploads\/2024\/11\/tofu-scaled.jpg?resize=100%2C100&amp;ssl=1 100w\" sizes=\"auto, (max-width: 300px) 100vw, 300px\" \/><\/a>\n<div class=\"pt-cv-taxoterm above_title\"><a href='https:\/\/odlicno.si\/de\/category\/rezepturen\/' title='Rezepturen' class='pt-cv-tax-rezepturen'>Rezepturen<\/a><\/div>\n<h4 class=\"pt-cv-title\"><a href=\"https:\/\/odlicno.si\/de\/blog\/tofu-mit-sesam-und-honig\/\" class=\"_self cvplbd\" target=\"_self\" >Tofu mit Sesam und Honig<\/a><\/h4>\n<div class=\"pt-cv-content\">Sesamsamen sind vielseitig und k\u00f6nnen aufgrund ihres spezifischen, aber feinen Geschmacks sowohl in s\u00fc\u00dfen als auch in herzhaften Gerichten verwendet ...<\/div><\/div><\/div>\n<div class=\"col-md-3 col-sm-6 col-xs-12 pt-cv-content-item pt-cv-1-col\"  data-pid=\"1349\"><div class='pt-cv-ifield'><a href=\"https:\/\/odlicno.si\/de\/blog\/focaccia-mit-spargel-und-trueffeln\/\" class=\"_self pt-cv-href-thumbnail pt-cv-thumb-default cvplbd\" target=\"_self\" ><img loading=\"lazy\" decoding=\"async\" width=\"300\" height=\"300\" src=\"https:\/\/i0.wp.com\/odlicno.si\/wp-content\/uploads\/2024\/11\/a1-scaled.jpg?fit=300%2C300&amp;ssl=1\" class=\"pt-cv-thumbnail img-none\" alt=\"Focaccia mit Spargel und Tr\u00fcffeln\" srcset=\"https:\/\/i0.wp.com\/odlicno.si\/wp-content\/uploads\/2024\/11\/a1-scaled.jpg?w=2560&amp;ssl=1 2560w, https:\/\/i0.wp.com\/odlicno.si\/wp-content\/uploads\/2024\/11\/a1-scaled.jpg?resize=300%2C300&amp;ssl=1 300w, https:\/\/i0.wp.com\/odlicno.si\/wp-content\/uploads\/2024\/11\/a1-scaled.jpg?resize=1024%2C1024&amp;ssl=1 1024w, https:\/\/i0.wp.com\/odlicno.si\/wp-content\/uploads\/2024\/11\/a1-scaled.jpg?resize=150%2C150&amp;ssl=1 150w, https:\/\/i0.wp.com\/odlicno.si\/wp-content\/uploads\/2024\/11\/a1-scaled.jpg?resize=768%2C768&amp;ssl=1 768w, https:\/\/i0.wp.com\/odlicno.si\/wp-content\/uploads\/2024\/11\/a1-scaled.jpg?resize=1536%2C1536&amp;ssl=1 1536w, https:\/\/i0.wp.com\/odlicno.si\/wp-content\/uploads\/2024\/11\/a1-scaled.jpg?resize=2048%2C2048&amp;ssl=1 2048w, https:\/\/i0.wp.com\/odlicno.si\/wp-content\/uploads\/2024\/11\/a1-scaled.jpg?resize=600%2C600&amp;ssl=1 600w, https:\/\/i0.wp.com\/odlicno.si\/wp-content\/uploads\/2024\/11\/a1-scaled.jpg?resize=100%2C100&amp;ssl=1 100w\" sizes=\"auto, (max-width: 300px) 100vw, 300px\" \/><\/a>\n<div class=\"pt-cv-taxoterm above_title\"><a href='https:\/\/odlicno.si\/de\/category\/rezepturen\/' title='Rezepturen' class='pt-cv-tax-rezepturen'>Rezepturen<\/a><\/div>\n<h4 class=\"pt-cv-title\"><a href=\"https:\/\/odlicno.si\/de\/blog\/focaccia-mit-spargel-und-trueffeln\/\" class=\"_self cvplbd\" target=\"_self\" >Focaccia mit Spargel und Tr\u00fcffeln<\/a><\/h4>\n<div class=\"pt-cv-content\">TEIG: - 1 kleine Zwiebel, in Scheiben geschnitten und in Oliven\u00f6l gebraten - 50 g Wei\u00dfmehl - 100 g Vollkornmehl ...<\/div><\/div><\/div><\/div><\/div><\/div>\t\t\t<style type=\"text\/css\" id=\"pt-cv-inline-style-52c758bkjh\">#pt-cv-view-2e90f44pd0 .pt-cv-title a, #pt-cv-view-2e90f44pd0  .panel-title { font-weight: 600 !important; }\n#pt-cv-view-2e90f44pd0 .pt-cv-readmore  { color: #ffffff !important; background-color: #00aeef !important; }\n#pt-cv-view-2e90f44pd0 .pt-cv-readmore:hover  { color: #ffffff !important; background-color: #00aeef !important; }\n#pt-cv-view-2e90f44pd0  + .pt-cv-pagination-wrapper .pt-cv-more , #pt-cv-view-2e90f44pd0  + .pt-cv-pagination-wrapper .pagination .active a, .pt-cv-pagination[data-sid='2e90f44pd0'] .active a { color: #1b2b59 !important; background-color: rgba(255,255,255,0) !important; border-width: 1px 1px 1px 1px !important; border-style: solid !important; border-color: #1b2b59 !important; }\n \r\n                                    .cvp-live-filter[data-sid='2e90f44pd0'].cvp-customized input:hover,\r\n                                    .cvp-live-filter[data-sid='2e90f44pd0'].cvp-customized input:focus,\r\n                                    .cvp-live-filter[data-sid='2e90f44pd0'].cvp-customized select:hover,\r\n                                    .cvp-live-filter[data-sid='2e90f44pd0'].cvp-customized select:focus,\r\n                                    .cvp-live-filter[data-sid='2e90f44pd0'].cvp-customized input~div:hover,\r\n                                    .cvp-live-filter[data-sid='2e90f44pd0'].cvp-customized input~div:focus {border-color: #0075ff; box-shadow: 0 0 0 1px #0075ff !important;}\r\n                                    .cvp-live-filter[data-sid='2e90f44pd0'].cvp-customized input[type='checkbox']:checked {background-color: #0075ff;}\r\n                                    .cvp-live-filter[data-sid='2e90f44pd0'].cvp-customized input[type='radio']:checked {border-color: #0075ff;}\r\n                                    .cvp-live-filter[data-sid='2e90f44pd0'].cvp-customized input[type='radio']:checked::before {border-color: #0075ff; background: #0075ff;}\r\n                                    <\/style>\r\n\t\t\t\n","protected":false},"excerpt":{"rendered":"","protected":false},"author":1,"featured_media":0,"parent":0,"menu_order":0,"comment_status":"closed","ping_status":"closed","template":"","meta":{"_acf_changed":false,"footnotes":""},"class_list":["post-1411","page","type-page","status-publish","hentry"],"acf":[],"mb":[],"jetpack_sharing_enabled":true,"mfb_rest_fields":["title","jetpack_sharing_enabled"],"_links":{"self":[{"href":"https:\/\/odlicno.si\/de\/wp-json\/wp\/v2\/pages\/1411","targetHints":{"allow":["GET"]}}],"collection":[{"href":"https:\/\/odlicno.si\/de\/wp-json\/wp\/v2\/pages"}],"about":[{"href":"https:\/\/odlicno.si\/de\/wp-json\/wp\/v2\/types\/page"}],"author":[{"embeddable":true,"href":"https:\/\/odlicno.si\/de\/wp-json\/wp\/v2\/users\/1"}],"replies":[{"embeddable":true,"href":"https:\/\/odlicno.si\/de\/wp-json\/wp\/v2\/comments?post=1411"}],"version-history":[{"count":1,"href":"https:\/\/odlicno.si\/de\/wp-json\/wp\/v2\/pages\/1411\/revisions"}],"predecessor-version":[{"id":1412,"href":"https:\/\/odlicno.si\/de\/wp-json\/wp\/v2\/pages\/1411\/revisions\/1412"}],"wp:attachment":[{"href":"https:\/\/odlicno.si\/de\/wp-json\/wp\/v2\/media?parent=1411"}],"curies":[{"name":"wp","href":"https:\/\/api.w.org\/{rel}","templated":true}]}}